{"id":1503,"date":"2023-05-12T14:41:04","date_gmt":"2023-05-12T14:41:04","guid":{"rendered":"https:\/\/dezoitobymaniche.com\/?page_id=1503"},"modified":"2023-05-12T14:41:30","modified_gmt":"2023-05-12T14:41:30","slug":"politica-de-cookies","status":"publish","type":"page","link":"https:\/\/dezoitobymaniche.com\/en\/politica-de-cookies\/","title":{"rendered":"Cookie policy"},"content":{"rendered":"<p><br>O que s\u00e3o cookies?<br>\u201cCookies\u201d s\u00e3o pequenas etiquetas de software que s\u00e3o armazenadas no seu computador atrav\u00e9s do navegador (browser), retendo apenas informa\u00e7\u00e3o relacionada com as suas prefer\u00eancias, n\u00e3o incluindo, como tal, os seus dados pessoais.<br>Para que servem os Cookies?<br>Os cookies servem para ajudar a determinar a utilidade, interesse e o n\u00famero de utiliza\u00e7\u00f5es dos seus websites, permitindo uma navega\u00e7\u00e3o mais r\u00e1pida e eficiente, eliminando a necessidade de introduzir repetidamente as mesmas informa\u00e7\u00f5es.<br>Que tipo de cookies existem?<br>Existem dois grupos cookies que podem ser utilizados<br>\u2013 Cookies permanentes \u2013 s\u00e3o cookies que ficam armazenados ao n\u00edvel do browser nos seus equipamentos de acesso (PC, mobile e tablet) e que s\u00e3o utilizados sempre que faz uma nova visita a um dos nossos websites. S\u00e3o utilizados, geralmente, para direcionar a navega\u00e7\u00e3o aos interesses do utilizador, permitindo-nos prestar um servi\u00e7o mais personalizado.<br>\u2013 Cookies de sess\u00e3o \u2013 s\u00e3o cookies tempor\u00e1rios que permanecem no arquivo de cookies do seu browser at\u00e9 sair do website. A informa\u00e7\u00e3o obtida por estes cookies serve para analisar padr\u00f5es de tr\u00e1fego na web, permitindo-nos identificar problemas e fornecer uma melhor experiencia de navega\u00e7\u00e3o.<br>Para que fins utilizamos cookies?<br>\u2013 Cookies estritamente necess\u00e1rios \u2013 Permitem que navegue no website e utilize as suas aplica\u00e7\u00f5es, bem como aceder a \u00e1reas seguras do website. Sem estes cookies, os servi\u00e7os que tenha requerido n\u00e3o podem ser prestados.<br>\u2013 Cookies anal\u00edticos \u2013 S\u00e3o utilizados anonimamente para efeitos de cria\u00e7\u00e3o e an\u00e1lise de estat\u00edsticas, no sentido de melhorar o funcionamento do website.<br>\u2013 Cookies de funcionalidade \u2013 Guardam as prefer\u00eancias do utilizador relativamente \u00e0 utiliza\u00e7\u00e3o do site, para que n\u00e3o seja necess\u00e1rio voltar a configurar o site cada vez que o visita.<br>\u2013 Cookies de terceiros \u2013 Medem o sucesso de aplica\u00e7\u00f5es e a efic\u00e1cia da publicidade de terceiros. Podem tamb\u00e9m ser utilizados no sentido de personalizar um widget com dados do utilizador.<br>Cookies de publicidade \u2013 Direcionam a publicidade em fun\u00e7\u00e3o dos interesses de cada utilizador, por forma a direcionar as campanhas publicit\u00e1rias tendo em conta os gostos dos utilizadores, sendo que, al\u00e9m disso, limitam a quantidade de vezes que v\u00ea o an\u00fancio, ajudando a medir a efic\u00e1cia da publicidade e o sucesso da organiza\u00e7\u00e3o do website.<br>Como pode gerir os cookies?<br>Todos os browsers permitem ao utilizador aceitar, recusar ou apagar cookies, nomeadamente atrav\u00e9s da sele\u00e7\u00e3o das defini\u00e7\u00f5es apropriadas no respetivo navegador. Pode configurar os cookies no menu \u201cop\u00e7\u00f5es\u201d ou \u201cprefer\u00eancias\u201d do seu browser.<br>Note-se, no entanto, que, ao desativar cookies, pode impedir que alguns servi\u00e7os da web funcionem corretamente, afetando, parcial ou totalmente, a navega\u00e7\u00e3o no website.<\/p>\n\n\n\n<ol class=\"wp-block-list\">\n<li><\/li>\n<\/ol>\n\n\n\n<p>Terms and Conditions<\/p>\n\n\n\n<ol class=\"wp-block-list\">\n<li>INTRODU\u00c7\u00c3O<br>1.1. Os presentes Termos e Condi\u00e7\u00f5es regulam a venda, incluindo o registo, dos produtos Dezoito by Maniche, atrav\u00e9s do website www.dezoitowine.com.<br>1.2. Para os efeitos dos presentes Termos e Condi\u00e7\u00f5es entende-se por<br>a) -&#8220;Dezoito by Maniche\u201d- Os produtos comercializados no website www.dezoitowine.com;<br>b) -&#8220;Utilizador&#8221; &#8211; Toda a pessoa singular, n\u00e3o comerciante, que efetue uma encomenda atrav\u00e9s do website www.dezoitowine.com;<br>1.3. A utiliza\u00e7\u00e3o do website www.dezoitowine.com e a compra de produtos Dezoito by Maniche pressup\u00f5e o conhecimento, entendimento e aceita\u00e7\u00e3o dos presentes Termos e Condi\u00e7\u00f5es pelo Utilizador.<\/li>\n\n\n\n<li>REGISTO NO WEBSITE<br>2.1 Para realizar uma encomenda, o Utilizador poder\u00e1 previamente registar-se, preenchendo os campos constantes do formul\u00e1rio existente no website www.dezoitowine.com. Tamb\u00e9m \u00e9 poss\u00edvel efetuar a sua encomenda sem registo pr\u00e9vio<br>2.2 A partir do momento em que aceder \u00e0 sua conta pessoal, o Utilizador encontra-se submetido aos presentes Termos e Condi\u00e7\u00f5es.<\/li>\n\n\n\n<li>OS PRODUTOS DEZOITO BY MANICHE<br>3.1. O website www.dezoitowine.com \u00e9 dirigido a todos os utilizadores que pretendam adquirir produtos Dezoito by Maniche, a partir de sua casa ou local de trabalho, durante 24 horas por dia, 7 dias por semana.<br>3.2. As informa\u00e7\u00f5es sobre as caracter\u00edsticas dos produtos podem ser consultadas em www.dezoitowine.com.<br>3.3. A Dezoito by Maniche reserva-se ao direito de modificar, em qualquer momento, a informa\u00e7\u00e3o, a oferta de produtos, os pre\u00e7os, promo\u00e7\u00f5es e condi\u00e7\u00f5es comerciais, apresentadas no website www.dezoitowine.com.<\/li>\n\n\n\n<li>FAZER ENCOMENDAS NO WEBSITE<br>4.1. Para encomendar em www.dezoitowine.com \u00e9 necess\u00e1rio que o Utilizador disponha de uma conta de e-mail e que o seu browser esteja configurado para aceitar cookies e pop-ups, que permitir\u00e3o o usufruto de todas as condi\u00e7\u00f5es de navegabilidade da loja online Dezoito by Maniche.<br>4.1.1. O Utilizador poder\u00e1 proceder \u00e0 compra online de produtos, sendo para isso necess\u00e1rio que:<br>a) Encontre o(s) produto(s) que pretende adquirir;<br>b) Adicione o(s) produto(s) selecionados ao &#8220;Carrinho de Compras&#8221;;<br>c) Registe os dados pessoais do Utilizador, que ser\u00e3o integrados na base de dados da Dezoito by Maniche nos termos previstos na Pol\u00edtica de Privacidade, entre os quais se incluem a &#8220;Morada de Entrega&#8221;, \u201cMorada de Fatura\u00e7\u00e3o\u201d, o &#8220;M\u00e9todo de Pagamento&#8221;, n\u00famero de telefone e o n\u00famero de identifica\u00e7\u00e3o fiscal (NIF);<br>d) Reveja a sua encomenda e confirme o pedido;<br>4.2. O Utilizador ir\u00e1 receber um e-mail de confirma\u00e7\u00e3o de encomenda com os detalhes relativos ao m\u00e9todo de pagamento que selecionou.<br>4.3. A sua encomenda ser\u00e1 entregue pelo operador log\u00edstico na morada de entrega indicada no processo de compra e com a respetiva fatura detalhada.<br>4.4. Ao enviar o formul\u00e1rio de encomenda o Utilizador aceita os Termos e Condi\u00e7\u00f5es de compra descritos em www.dezoitowine.com, bem como com a Pol\u00edtica de Privacidade.<br>4.5. A Dezoito by Maniche reserva-se o direito de n\u00e3o aceitar e cancelar as encomendas j\u00e1 confirmadas nas seguintes situa\u00e7\u00f5es:<br>a) O produto n\u00e3o se encontre dispon\u00edvel;<br>b) O pagamento n\u00e3o seja realizado com recurso a qualquer uma das op\u00e7\u00f5es de pagamento dispon\u00edveis no website www.dezoitowine.com;<br>c) N\u00e3o se confirme o pagamento;<br>d) A informa\u00e7\u00e3o de fatura\u00e7\u00e3o n\u00e3o for correta ou verific\u00e1vel;<br>e) Existir um erro na cota\u00e7\u00e3o do pre\u00e7o;<br>f) N\u00e3o for poss\u00edvel entregar no endere\u00e7o fornecido pelo Utilizador.<br>4.6. As encomendas extracomunit\u00e1rias podem estar sujeitas a IVA, Direitos Aduaneiros de Importa\u00e7\u00e3o ou outros impostos espec\u00edficos de cada pa\u00eds, a pagar pelo destinat\u00e1rio aquando da rece\u00e7\u00e3o da encomenda no pa\u00eds de destino.<\/li>\n\n\n\n<li>PRE\u00c7OS<br>5.1. Os pre\u00e7os dos produtos exibidos no website www.dezoitowine.com incluem o Valor Acrescentado (IVA). O IVA total a pagar pelo Utilizador ser\u00e1 indicado na fatura a remeter ao utilizador.<br>5.2. Os pre\u00e7os s\u00e3o todos cotados em euros (\u20ac). Note que a mudan\u00e7a de pa\u00eds de entrega pode ter influ\u00eancia sobre os pre\u00e7os devido aos diferentes custos de transporte. Os custos alfandeg\u00e1rios relativos ao pa\u00eds de entrega da encomenda ser\u00e3o suportados pelo cliente.<br>5.3. Os pre\u00e7os dos produtos apresentados no website s\u00e3o pass\u00edveis de altera\u00e7\u00e3o. A Dezoito by Maniche reserva-se o direito de alterar os pre\u00e7os sem aviso pr\u00e9vio. Os pre\u00e7os exibidos no momento da compra s\u00e3o os pre\u00e7os aplicados a essa compra.<br>5.4. Verificando-se algum erro no pre\u00e7o dos produtos solicitados, a Dezoito by Maniche ou o Utilizador poder\u00e3o, at\u00e9 \u00e0 expedi\u00e7\u00e3o da encomenda, cancelar o pedido.<br>5.5. O pre\u00e7o total especificado no checkout inclui impostos do pa\u00eds de origem (Portugal) e custos de envio.<br>5.6. O Utilizador deve pagar apenas o montante especificado na confirma\u00e7\u00e3o da encomenda.<\/li>\n\n\n\n<li>M\u00c9TODOS DE PAGAMENTO<br>6.1 O Utilizador poder\u00e1 efetuar o pagamento das suas compras atrav\u00e9s da entidade gestora de pagamentos Paypal.<br>6.2 A Dezoito by Maniche n\u00e3o aceita qualquer outro m\u00e9todo de pagamento al\u00e9m dos mencionados no ponto anterior. O Utilizador n\u00e3o deve tentar pagar por qualquer outro meio que n\u00e3o conste nos m\u00e9todos de pagamento especificados. Se o fizer, n\u00e3o poderemos ser responsabilizados por perda do pagamento ou quaisquer outros danos que da\u00ed possam advir.<\/li>\n\n\n\n<li>CUSTOS DE ENVIO<br>7.1. Os envios para Portugal s\u00e3o calculados de acordo com as quantidades encomendadas, considerando a natureza e densidade do material que constitui os produtos.<br>7.2. Para fora da Europa, todas as encomendas ter\u00e3o um custo de envio associado, podendo obrigar ao pagamento de custos alfandeg\u00e1rios, de acordo com o pa\u00eds de entrega.<\/li>\n\n\n\n<li>RECLAMA\u00c7\u00d5ES<br>Tendo em vista o objetivo de melhoria cont\u00ednua dos servi\u00e7os prestados, a Dezoito by Maniche procurar\u00e1 atender e resolver as reclama\u00e7\u00f5es apresentadas pelo Utilizador no prazo de 5 (cinco) dias \u00fateis, atrav\u00e9s do email info@dezoitowine.com.<\/li>\n\n\n\n<li>GARANTIA E SERVI\u00c7OS P\u00d3S-VENDA<br>Os produtos Dezoito by Maniche beneficiam da garantia de conformidade prevista na legisla\u00e7\u00e3o aplic\u00e1vel \u00e0 venda de bens de consumo.<\/li>\n\n\n\n<li>EXCLUS\u00c3O E LIMITA\u00c7\u00c3O DE RESPONSABILIDADE<br>A Dezoito by Maniche n\u00e3o garante o funcionamento ininterrupto do website www.dezoitowine.com, ou de qualquer das suas funcionalidades, podendo o mesmo ser suspenso para a realiza\u00e7\u00e3o de a\u00e7\u00f5es de manuten\u00e7\u00e3o, repara\u00e7\u00e3o ou atualiza\u00e7\u00f5es.<br>A Dezoito by Maniche n\u00e3o assumir\u00e1, de igual modo, qualquer responsabilidade por quaisquer danos, decorrentes, direta ou indiretamente, de situa\u00e7\u00f5es de for\u00e7a maior que a impe\u00e7am, seja de que forma for, de cumprir as suas obriga\u00e7\u00f5es, designadamente, greves, falhas na rede el\u00e9trica, nos servi\u00e7os de telecomunica\u00e7\u00f5es ou em quaisquer outros servi\u00e7os, inc\u00eandios, inunda\u00e7\u00f5es, impossibilidade de obter produtos, materiais ou servi\u00e7os, avarias, atrasos dos fornecedores ou transportadores e altera\u00e7\u00f5es de legisla\u00e7\u00e3o ou de regulamenta\u00e7\u00e3o administrativa.<br>A Dezoito by Maniche n\u00e3o \u00e9 respons\u00e1vel por qualquer utiliza\u00e7\u00e3o abusiva dos dados de acesso do Utilizador ao website por terceiros, dado que s\u00e3o pessoais e intransmiss\u00edveis.<\/li>\n\n\n\n<li>MODIFICA\u00c7\u00c3O DOS TERMOS E CONDI\u00c7\u00d5ES<br>A Dezoito by Maniche reserva-se ao direito de alterar, a qualquer momento, os presentes Termos e Condi\u00e7\u00f5es, considerando-se as altera\u00e7\u00f5es efetuadas e os utilizadores notificados mediante a publica\u00e7\u00e3o no website www.dezoitowine.com dos Termos e Condi\u00e7\u00f5es modificados.<\/li>\n\n\n\n<li>TRATAMENTO DE DADOS PESSOAIS<br>Pedimos que leia atentamente a nossa Pol\u00edtica de Privacidade para que possa tomar conhecimento das regras e procedimentos adotados pela Dezoito by Maniche no que respeita ao tratamento dos dados recolhidos quando navega no website www.dezoitowine.com e quando utiliza as funcionalidades por ele oferecidas, bem como das medidas de seguran\u00e7a e de confidencialidade aplic\u00e1veis.<\/li>\n\n\n\n<li>PROVA E ARQUIVO<br>Os registos inform\u00e1ticos, mantidos pela Dezoito by Maniche em condi\u00e7\u00f5es de seguran\u00e7a, s\u00e3o considerados como prova das comunica\u00e7\u00f5es, encomendas e pagamentos realizados entre a Dezoito by Maniche e o Utilizador.<\/li>\n\n\n\n<li>LEI APLIC\u00c1VEL<br>Os presentes Termos e Condi\u00e7\u00f5es e todos os lit\u00edgios emergentes que estejam relacionados com os mesmos, incluindo a sua validade, o uso do website ou qualquer compra no mesmo devem ser regidos pelo Direito Portugu\u00eas.<\/li>\n\n\n\n<li>RESOLU\u00c7\u00c3O DE LIT\u00cdGIOS ONLINE<br>O site Resolu\u00e7\u00e3o de Disputas Online \u00e9 um site oficial gerido pela Comiss\u00e3o Europeia dedicado a ajudar os consumidores e os comerciantes resolver os seus lit\u00edgios fora dos tribunais https:\/\/webgate.ec.europa.eu\/odr\/main\/index.cfm?event=main.home.chooseLanguage<br>Centro de Arbitragem de Conflitos de Consumo de Lisboa http:\/\/www.centroarbitragemlisboa.pt\/<br>Centro de Arbitragem de Conflitos de Consumo do Vale do Ave\/Tribunal Arbitral http:\/\/www.triave.pt\/<br>CIAB \u2013 Centro de Informa\u00e7\u00e3o, Media\u00e7\u00e3o e Arbitragem de Consumo (Tribunal Arbitral de Consumo) http:\/\/www.ciab.pt\/pt\/<br>CNIACC \u2013 Centro Nacional de Informa\u00e7\u00e3o e Arbitragem de Conflitos de Consumo http:\/\/www.arbitragemdeconsumo.org\/<br>Centro de Arbitragem de Conflitos de Consumo do Distrito de Coimbra http:\/\/www.centrodearbitragemdecoimbra.com<br>Centro de Informa\u00e7\u00e3o, Media\u00e7\u00e3o e Arbitragem de Conflitos de Consumo do Algarve http:\/\/www.consumoalgarve.pt<br>Centro de Informa\u00e7\u00e3o de Consumo e Arbitragem do Porto http:\/\/www.cicap.pt<br>Plataforma Europeia de Resolu\u00e7\u00e3o Lit\u00edgios Online https:\/\/webgate.ec.europa.eu\/odr\/main\/index.cfm?event=main.home.chooseLanguage<\/li>\n\n\n\n<li>LIVRO DE RECLAMA\u00c7\u00d5ES ELETR\u00d3NICO<br>Pode recorrer ao Livro de Reclama\u00e7\u00f5es Eletr\u00f3nico para apresentar uma reclama\u00e7\u00e3o. Para tal, basta aceder \u00e0 plataforma do Livro de Reclama\u00e7\u00f5es Eletr\u00f3nico.<\/li>\n\n\n\n<li>VALIDADE DE PROMO\u00c7\u00d5ES<br>As ofertas do site s\u00e3o v\u00e1lidas apenas para o momento em que s\u00e3o exibidas no site, a menos que seja comunicada no site informa\u00e7\u00e3o em contr\u00e1rio.<\/li>\n<\/ol>\n\n\n\n<p>Trocas e Devolu\u00e7\u00f5es<br>1.1. Todos os produtos s\u00e3o identificados individualmente com uma etiqueta\/lacre de seguran\u00e7a.<br>1.2. Caso decida devolver ou trocar o(s) produto(s) comprado(s), a Dezoito by Maniche, tem o direito de n\u00e3o aceitar a troca\/devolu\u00e7\u00e3o de produtos caso os produtos devolvidos n\u00e3o tenham a etiqueta ou selo de seguran\u00e7a correspondente ou quando as estes tiverem sido alterados em rela\u00e7\u00e3o ao seu estado original ou danificadas. A a Dezoito by Maniche n\u00e3o aceitar\u00e1 trocas\/devolu\u00e7\u00f5es de produtos danificados.<br>1.3. Ap\u00f3s a rece\u00e7\u00e3o da encomenda, o(a) Comprador(a) disp\u00f5e de um prazo de 14 (catorze) dias para solicitar a devolu\u00e7\u00e3o ou troca do(s) seu(s) produto(s), caso verifique que estes apresentam defeitos ou outras n\u00e3o conformidades, ou por vontade de devolver.<br>1.4. Para iniciar um processo de troca ou devolu\u00e7\u00e3o tem obrigatoriamente de enviar um email para info@dezoitowine.com manifestando a sua vontade. No email deve informar se pretende uma Devolu\u00e7\u00e3o ou uma Troca e o n\u00famero do seu pedido.<br>1.5. Os custos dos portes de envio das devolu\u00e7\u00f5es para troca ficam a cargo do cliente.<br>1.6. Os custos dos portes de envio de trocas ser\u00e3o suportados pelo cliente, assim como a diferen\u00e7a de valor entre os produtos da troca (caso existente).<br>1.7. Ap\u00f3s rececionarmos o produto no nosso armaz\u00e9m, o Departamento de Qualidade ir\u00e1 verificar se se encontra em conformidade com os nossos requisitos para a Troca ou Devolu\u00e7\u00e3o. Em caso afirmativo, a troca ser\u00e1 confirmada ou o estorno efetuado no prazo m\u00e1ximo de 14 (catorze) dias, pelo mesmo m\u00e9todo de pagamento efetuado pelo cliente;<br>1.8. A Dezoito by Maniche n\u00e3o assume qualquer responsabilidade em caso de extravio ou de danos ocorridos aquando do envio do artigo devolvido.<\/p>\n\n\n\n<p>Condi\u00e7\u00f5es de envio<\/p>\n\n\n\n<p>A Dezoito by Maniche procede ao envio do(s) produto(s) encomendado(s) de segunda a sexta-feira, das 9h \u00e0s 19h, com exce\u00e7\u00e3o dos feriados, e nos dias e hor\u00e1rios utilizados pela empresa de log\u00edstica, para a morada de entrega indicada pelo cliente.<br>O nosso servi\u00e7o de entregas n\u00e3o inclui op\u00e7\u00e3o de agendamento, pelo que a entrega da encomenda ser\u00e1 efetuada sem contacto pr\u00e9vio por parte da transportadora, sendo necess\u00e1rio garantir que algu\u00e9m se encontre na morada de entrega.<br>O prazo de entrega pode variar de acordo com o pa\u00eds de destino. O tempo de entrega para Portugal estimado e de 48\/72h e para a Europa varia entre 10-15 dias \u00fateis. Resto do mundo: 15-25 dias \u00fateis.<br>A Dezoito by Maniche informar\u00e1 o cliente da indisponibilidade do(s) produto(s) encomendado(s), bem como proceder\u00e1 ao reembolso do montante pago, no prazo m\u00e1ximo de 15 (quinze) dias a partir do conhecimento da indisponibilidade.<br>A entrega considera-se efetuada com a assinatura no recibo de entrega na morada acordada.<br>Caso necessite de mais informa\u00e7\u00e3o sobre a entrega dos produtos Dezoito by Maniche, consulte os nossos Termos e Condi\u00e7\u00f5es.<\/p>","protected":false},"excerpt":{"rendered":"<p>O que s\u00e3o cookies?\u201cCookies\u201d s\u00e3o pequenas etiquetas de software que s\u00e3o armazenadas no seu computador atrav\u00e9s do navegador (browser), retendo apenas informa\u00e7\u00e3o relacionada com as suas prefer\u00eancias, n\u00e3o incluindo, como<br class=\"read-more-spacer\"> <a class=\"more-link\" href=\"https:\/\/dezoitobymaniche.com\/en\/politica-de-cookies\/\">Read More<\/a><\/p>","protected":false},"author":1,"featured_media":1642,"parent":0,"menu_order":0,"comment_status":"closed","ping_status":"closed","template":"","meta":{"cybocfi_hide_featured_image":"","footnotes":""},"class_list":["post-1503","page","type-page","status-publish","has-post-thumbnail","hentry"],"acf":[],"aioseo_notices":[],"_links":{"self":[{"href":"https:\/\/dezoitobymaniche.com\/en\/wp-json\/wp\/v2\/pages\/1503","targetHints":{"allow":["GET"]}}],"collection":[{"href":"https:\/\/dezoitobymaniche.com\/en\/wp-json\/wp\/v2\/pages"}],"about":[{"href":"https:\/\/dezoitobymaniche.com\/en\/wp-json\/wp\/v2\/types\/page"}],"author":[{"embeddable":true,"href":"https:\/\/dezoitobymaniche.com\/en\/wp-json\/wp\/v2\/users\/1"}],"replies":[{"embeddable":true,"href":"https:\/\/dezoitobymaniche.com\/en\/wp-json\/wp\/v2\/comments?post=1503"}],"version-history":[{"count":1,"href":"https:\/\/dezoitobymaniche.com\/en\/wp-json\/wp\/v2\/pages\/1503\/revisions"}],"predecessor-version":[{"id":1504,"href":"https:\/\/dezoitobymaniche.com\/en\/wp-json\/wp\/v2\/pages\/1503\/revisions\/1504"}],"wp:featuredmedia":[{"embeddable":true,"href":"https:\/\/dezoitobymaniche.com\/en\/wp-json\/wp\/v2\/media\/1642"}],"wp:attachment":[{"href":"https:\/\/dezoitobymaniche.com\/en\/wp-json\/wp\/v2\/media?parent=1503"}],"curies":[{"name":"wp","href":"https:\/\/api.w.org\/{rel}","templated":true}]}}