{"id":1593,"date":"2023-05-16T09:38:06","date_gmt":"2023-05-16T09:38:06","guid":{"rendered":"https:\/\/dezoitobymaniche.com\/?page_id=1593"},"modified":"2023-05-16T13:01:55","modified_gmt":"2023-05-16T13:01:55","slug":"parcerias","status":"publish","type":"page","link":"https:\/\/dezoitobymaniche.com\/en\/parcerias\/","title":{"rendered":"Partnerships"},"content":{"rendered":"<section class=\"wpb-content-wrapper\"><div class=\"vc_row wpb_row vc_row-fluid\"><div class=\"wpb_column vc_column_container vc_col-sm-12\"><div class=\"vc_column-inner\"><div class=\"wpb_wrapper\">\n\t<div class=\"wpb_text_column wpb_content_element\" >\n\t\t<div class=\"wpb_wrapper\">\n\t\t\t<p>A Marca Dezoito by Maniche promove Parcerias estrat\u00e9gicas que visam apoiar o desenvolvimento, a transfer\u00eancia e a aplica\u00e7\u00e3o de pr\u00e1ticas inovadoras, bem como a execu\u00e7\u00e3o de iniciativas conjuntas de promo\u00e7\u00e3o da coopera\u00e7\u00e3o entre vinicultores, com partilha de aprendizagem e interc\u00e2mbio de experi\u00eancia<\/p>\n\n\t\t<\/div>\n\t<\/div>\n<div class=\"vc_row wpb_row vc_inner vc_row-fluid\"><div class=\"wpb_column vc_column_container vc_col-sm-12\"><div class=\"vc_column-inner\"><div class=\"wpb_wrapper\">\n\t<div  class=\"wpb_single_image wpb_content_element vc_align_left\">\n\t\t\n\t\t<figure class=\"wpb_wrapper vc_figure\">\n\t\t\t<div class=\"vc_single_image-wrapper   vc_box_border_grey\"><img loading=\"lazy\" decoding=\"async\" width=\"1600\" height=\"200\" src=\"https:\/\/dezoitobymaniche.com\/wp-content\/uploads\/2023\/05\/Parceiros.jpg\" class=\"vc_single_image-img attachment-full\" alt=\"\" title=\"Parceiros\" srcset=\"https:\/\/dezoitobymaniche.com\/wp-content\/uploads\/2023\/05\/Parceiros.jpg 1600w, https:\/\/dezoitobymaniche.com\/wp-content\/uploads\/2023\/05\/Parceiros-300x38.jpg 300w, https:\/\/dezoitobymaniche.com\/wp-content\/uploads\/2023\/05\/Parceiros-1024x128.jpg 1024w, https:\/\/dezoitobymaniche.com\/wp-content\/uploads\/2023\/05\/Parceiros-768x96.jpg 768w, https:\/\/dezoitobymaniche.com\/wp-content\/uploads\/2023\/05\/Parceiros-1536x192.jpg 1536w\" sizes=\"auto, (max-width: 1600px) 100vw, 1600px\" \/><\/div>\n\t\t<\/figure>\n\t<\/div>\n<\/div><\/div><\/div><\/div>\n\t<div class=\"wpb_text_column wpb_content_element\" >\n\t\t<div class=\"wpb_wrapper\">\n\t\t\t<p><strong>A Nossa Distribui\u00e7\u00e3o<\/strong><\/p>\n<p>A nossa Marca encontra-se j\u00e1 amplamente distribu\u00edda no territ\u00f3rio nacional e em v\u00e1rios pa\u00edses da Europa, como Espanha, Fran\u00e7a, Luxemburgo, Reino Unido, Alemanha, Sui\u00e7a e It\u00e1lia. Export\u00e1mos tamb\u00e9m para a China e os Estados Unidos, tendo iniciado protocolos de coopera\u00e7\u00e3o com Brasil, Angola e os Emiratos.<\/p>\n<p><!-- \/wp:post-content -->\u00a0<\/p>\n<p><!-- wp:paragraph \/-->\u00a0<\/p>\n<p><!-- wp:image {\"align\":\"center\",\"id\":1594,\"sizeSlug\":\"full\",\"linkDestination\":\"none\"} --><\/p>\n<figure class=\"wp-block-image aligncenter size-full\"><img loading=\"lazy\" decoding=\"async\" width=\"661\" height=\"378\" class=\"wp-image-1594 aligncenter\" src=\"https:\/\/dezoitobymaniche.com\/wp-content\/uploads\/2023\/05\/mapa-site.jpg\" alt=\"\" srcset=\"https:\/\/dezoitobymaniche.com\/wp-content\/uploads\/2023\/05\/mapa-site.jpg 661w, https:\/\/dezoitobymaniche.com\/wp-content\/uploads\/2023\/05\/mapa-site-300x172.jpg 300w\" sizes=\"auto, (max-width: 661px) 100vw, 661px\" \/><\/figure>\n<p><!-- \/wp:image --><\/p>\n\n\t\t<\/div>\n\t<\/div>\n<\/div><\/div><\/div><\/div><\/section>","protected":false},"excerpt":{"rendered":"A Marca Dezoito by Maniche promove Parcerias estrat\u00e9gicas que visam apoiar o desenvolvimento, a transfer\u00eancia e a aplica\u00e7\u00e3o de pr\u00e1ticas inovadoras, bem como a execu\u00e7\u00e3o de iniciativas conjuntas de promo\u00e7\u00e3o<br class=\"read-more-spacer\"> <a class=\"more-link\" href=\"https:\/\/dezoitobymaniche.com\/en\/parcerias\/\">Read More<\/a>","protected":false},"author":1,"featured_media":1543,"parent":0,"menu_order":0,"comment_status":"closed","ping_status":"closed","template":"","meta":{"cybocfi_hide_featured_image":"","footnotes":""},"class_list":["post-1593","page","type-page","status-publish","has-post-thumbnail","hentry"],"acf":[],"aioseo_notices":[],"_links":{"self":[{"href":"https:\/\/dezoitobymaniche.com\/en\/wp-json\/wp\/v2\/pages\/1593","targetHints":{"allow":["GET"]}}],"collection":[{"href":"https:\/\/dezoitobymaniche.com\/en\/wp-json\/wp\/v2\/pages"}],"about":[{"href":"https:\/\/dezoitobymaniche.com\/en\/wp-json\/wp\/v2\/types\/page"}],"author":[{"embeddable":true,"href":"https:\/\/dezoitobymaniche.com\/en\/wp-json\/wp\/v2\/users\/1"}],"replies":[{"embeddable":true,"href":"https:\/\/dezoitobymaniche.com\/en\/wp-json\/wp\/v2\/comments?post=1593"}],"version-history":[{"count":6,"href":"https:\/\/dezoitobymaniche.com\/en\/wp-json\/wp\/v2\/pages\/1593\/revisions"}],"predecessor-version":[{"id":1612,"href":"https:\/\/dezoitobymaniche.com\/en\/wp-json\/wp\/v2\/pages\/1593\/revisions\/1612"}],"wp:featuredmedia":[{"embeddable":true,"href":"https:\/\/dezoitobymaniche.com\/en\/wp-json\/wp\/v2\/media\/1543"}],"wp:attachment":[{"href":"https:\/\/dezoitobymaniche.com\/en\/wp-json\/wp\/v2\/media?parent=1593"}],"curies":[{"name":"wp","href":"https:\/\/api.w.org\/{rel}","templated":true}]}}